{"id":1270,"date":"2025-05-20T17:27:14","date_gmt":"2025-05-20T22:27:14","guid":{"rendered":"https:\/\/ultrateck.com.co\/?post_type=product&#038;p=1270"},"modified":"2025-07-17T14:57:48","modified_gmt":"2025-07-17T19:57:48","slug":"pantalla-para-portatil-14-0-slim-nano-edge-hd-30-pines-sin-guias","status":"publish","type":"product","link":"https:\/\/ultrateck.com.co\/index.php\/producto\/pantalla-para-portatil-14-0-slim-nano-edge-hd-30-pines-sin-guias\/","title":{"rendered":"PANTALLA PARA PORT\u00c1TIL 14.0 SLIM NANO EDGE HD 30 PINES (SIN GU\u00cdAS)"},"content":{"rendered":"<p>N\u00fameros de parte compatibles:<br \/>\n5D10M42863 B140XTN07.2 B140XTN07.2 HWOA B140XTN07.2 HW1A B140XTN07.3 B140XTN07.3 HWOA B140XTN07.6 B140XTN07.7 B140XTN07.8 LQ140T1JH01 MB140AN01 VER.1.1 MB140AN01-1 MB140AN01-2 MB140AN01-5 MB140AN01-6 N140BGA-EA4 (Validar soportes) N140BGA-EA4 rev C1 N140BGA-EA4 Rev.C2 N140BGA-EA4 Rev.C3 N140BGA-EA4 REVC1 N140BGA-EB4 N140BGA-EB4 Rev.C1 NT140WHM-N34 NT140WHM-N43 NT140WHM-N43 V8.0 NT140WHM-N43 V8.3 NT140WHM-N44 NT140WHM-N44 V8.0 NT140WHM-N46<br \/>\nModelos compatibles:<br \/>\nHP 14-CF HP 14-CF000 (HP 14-CF0001NS HP 14-CF0002NS HP 14-CF0005NS HP 14-CF0006NS HP 14-CF0007NS HP 14-CF0008NS HP 14-CF0009NS HP 14-CF0010NS HP 14-CF1000 HP 14-CF1000NS HP 14-CF1001NS HP 14-CF1002NS HP 14-CF1003NS HP 14-CF1004TU HP 14-CF2000 (HP 14-CF2000NS HP 14-CF2001NS 14-CF2002NS HP 14-CFXXX HP 14-CK0029LA HP 14-CK0052LA HP 14-DQ HP 145-DQ HP 145-DQ000 HP 14S-DQ0000NS HP 14S-DQ0001NS HP 14S-DQ0003NS HP 14S-DQ0004NS HP 14S-DQ0005NS HP 14S-DQ0006NS HP 14S-DQ0007NS HP 14S-DQ0008NS HP 14S-<br \/>\nDQ0009NS HP 14S-DQ0010NS HP 145-DQ0014NS HP 145-DQ1000NS HP 14S-DQ1001NS HP 145-DQ1002NS HP 14S-DQ1003NS HP 145-DQ1004NS HP 145-DQ1005NS HP 145-DQ1006NS HP 14S-DQ1007NS HP 14S-DQ1008NS HP 14S-DQ1009NS HP 14S-DQ1010NS HP 14S-DQ1011NS HP 14S-DQ1012NS HP 14S-DQ1013NS HP 145-DQ1014NS HP 14S-DQ1015NS HP 14S-DQ1016NS HP 14S-DQ1017NS HP 14S-DQ1018NS HP 14S-DQ1019NS HP 14S-DQ1020NS HP 14S-DQ1021NS HP 145-DQ1022NS HP 14S-DQ1023NS 14S-DQ1024NS HP 14S-DQ1025NS HP 14S-DQ1026NS HP 14S-DQ1027NS 14S-DQ1028NS HP 14S-DQ1029NS HP 14S-DQ1030NS HP 14S-DQ1031NS HP 14S-DQ1032NS HP 14S-DQ1033NS HP 14S-DQ1034NS HP 14S-DQ1035NS HP 145-DQ1036NS HP 14S-DQ1037NS HP 14S-DQ1038NS HP 14S-DQ1039NS HP 14S-DQ1040NS HP 14S-DQXXX HP 240-G9 240-G8 HP 245 G8 HP Pavilion X360 14-CE2000 HP Pavilion X360 14-CE2002NS HP Pavilion X360 14-CE2003NS HP Pavilion X360 14-CE2004NS HP Pavilion X360 14-CE2005NS HP Pavilion X360 14-CE2006NS HP Pavilion X360 14-CE2007NS HP Pavilion X360 14-CE2008NS HP Pavilion X360 14-CE2009NS HP Pavilion X360 14-CE2010NS HP Pavilion X360 14-CE2011NS HP Pavilion X360 14-CE2014NS HP Pavilion X360 14-CE2015NS HP Pavilion X360 14-CE2016NS HP Pavilion X360 14-CE2017NS HP Pavilion X360 14-CE3000 HP Pavilion X360 14-CE3000NS HP Pavilion X360 14-CE3001NS HP Pavilion X360 14-CE3002NS HP Pavilion X360 14-CE3003NS HP Pavilion X360 14-CE3004NS HP Pavilion X360 14-CE3005NS HP Pavilion X360 14-CE3006NS HP Pavilion X360 14-CE3007NS HP Pavilion X360 14-CE3008NS HP Pavilion X360 14-CE3009NS HP Pavilion X360 14-CE3010NS HP Pavilion X360 14-CE3012NS HP Pavilion X360 14-CE3013NS HP Pavilion X360 14-CEXXX HP ProBook 445 G6 HP ProBook 445 G7 HP Probook 445R G6 Lenovo IdeaPad 1 14ADA05 82GW Lenovo IdeaPad 1 14\/GL05 81VU Lenovo IdeaPad 1 14IJL7 82LV Lenovo IdeaPad S145-14API Lenovo V14-IIL Lenovo V14-IIL 82C4 Lenovo V14-ADA Toshiba Dynabook Satellite Pro C40-G Toshiba Dynabook Satellite Pro C40-G-10P Toshiba Dynabook Satellite Pro C40-G-10Q Toshiba Dynabook Satellite Pro C40-G-10S Toshiba Dynabook Satellite Pro C40-G-10Y Toshiba Dynabook Satellite Pro C40-G-10Z Dynabook Satellite Pro C40-G-111 Toshiba Dynabook Satellite Pro C40-G-114 Toshiba Dynabook Satellite Pro C40-G-116 Dynabook Satellite Pro C40-G-119 Dynabook Satellite Pro C40-G-11C Toshiba Dynabook Satellite Pro C40-G-11D Toshiba Dynabook Satellite Pro C40-G-11E Dynabook Satellite Pro C40-G-11F Toshiba Dynabook Satellite Pro C40-G-11G Toshiba Dynabook Satellite Pro C40-G-11L Toshiba Dynabook Satellite Pro C40-G-11M Toshiba Dynabook Satellite Pro C40-G-11W Toshiba Dynabook Satellite Pro C40-G-120 Toshiba Dynabook Satellite Pro C40-G-12E Toshiba Dynabook Satellite Pro C40-G-13W<\/p>\n","protected":false},"excerpt":{"rendered":"<p>Garant\u00eda 6 meses<\/p>\n","protected":false},"featured_media":1282,"comment_status":"open","ping_status":"closed","template":"","meta":[],"product_brand":[],"product_cat":[205,165],"product_tag":[],"class_list":{"0":"post-1270","1":"product","2":"type-product","3":"status-publish","4":"has-post-thumbnail","6":"product_cat-14-0","7":"product_cat-pantallas","9":"first","10":"instock","11":"shipping-taxable","12":"purchasable","13":"product-type-simple"},"_links":{"self":[{"href":"https:\/\/ultrateck.com.co\/index.php\/wp-json\/wp\/v2\/product\/1270","targetHints":{"allow":["GET"]}}],"collection":[{"href":"https:\/\/ultrateck.com.co\/index.php\/wp-json\/wp\/v2\/product"}],"about":[{"href":"https:\/\/ultrateck.com.co\/index.php\/wp-json\/wp\/v2\/types\/product"}],"replies":[{"embeddable":true,"href":"https:\/\/ultrateck.com.co\/index.php\/wp-json\/wp\/v2\/comments?post=1270"}],"version-history":[{"count":2,"href":"https:\/\/ultrateck.com.co\/index.php\/wp-json\/wp\/v2\/product\/1270\/revisions"}],"predecessor-version":[{"id":1426,"href":"https:\/\/ultrateck.com.co\/index.php\/wp-json\/wp\/v2\/product\/1270\/revisions\/1426"}],"wp:featuredmedia":[{"embeddable":true,"href":"https:\/\/ultrateck.com.co\/index.php\/wp-json\/wp\/v2\/media\/1282"}],"wp:attachment":[{"href":"https:\/\/ultrateck.com.co\/index.php\/wp-json\/wp\/v2\/media?parent=1270"}],"wp:term":[{"taxonomy":"product_brand","embeddable":true,"href":"https:\/\/ultrateck.com.co\/index.php\/wp-json\/wp\/v2\/product_brand?post=1270"},{"taxonomy":"product_cat","embeddable":true,"href":"https:\/\/ultrateck.com.co\/index.php\/wp-json\/wp\/v2\/product_cat?post=1270"},{"taxonomy":"product_tag","embeddable":true,"href":"https:\/\/ultrateck.com.co\/index.php\/wp-json\/wp\/v2\/product_tag?post=1270"}],"curies":[{"name":"wp","href":"https:\/\/api.w.org\/{rel}","templated":true}]}}