{"id":1264,"date":"2025-05-20T17:18:31","date_gmt":"2025-05-20T22:18:31","guid":{"rendered":"https:\/\/ultrateck.com.co\/?post_type=product&#038;p=1264"},"modified":"2025-07-17T14:59:06","modified_gmt":"2025-07-17T19:59:06","slug":"cargador-para-portatil-lenovo-ideapad-20v-2-25a-4-01-7mm","status":"publish","type":"product","link":"https:\/\/ultrateck.com.co\/index.php\/producto\/cargador-para-portatil-lenovo-ideapad-20v-2-25a-4-01-7mm\/","title":{"rendered":"CARGADOR PARA PORT\u00c1TIL LENOVO IDEAPAD 20V 2.25A 4.0*1.7mm"},"content":{"rendered":"","protected":false},"excerpt":{"rendered":"<p>Garant\u00eda: 1 a\u00f1o<\/p>\n","protected":false},"featured_media":1742,"comment_status":"open","ping_status":"closed","template":"","meta":[],"product_brand":[],"product_cat":[164,184],"product_tag":[],"class_list":{"0":"post-1264","1":"product","2":"type-product","3":"status-publish","4":"has-post-thumbnail","6":"product_cat-cargadores","7":"product_cat-lenovo-cargadores","9":"first","10":"instock","11":"shipping-taxable","12":"purchasable","13":"product-type-simple"},"_links":{"self":[{"href":"https:\/\/ultrateck.com.co\/index.php\/wp-json\/wp\/v2\/product\/1264","targetHints":{"allow":["GET"]}}],"collection":[{"href":"https:\/\/ultrateck.com.co\/index.php\/wp-json\/wp\/v2\/product"}],"about":[{"href":"https:\/\/ultrateck.com.co\/index.php\/wp-json\/wp\/v2\/types\/product"}],"replies":[{"embeddable":true,"href":"https:\/\/ultrateck.com.co\/index.php\/wp-json\/wp\/v2\/comments?post=1264"}],"version-history":[{"count":2,"href":"https:\/\/ultrateck.com.co\/index.php\/wp-json\/wp\/v2\/product\/1264\/revisions"}],"predecessor-version":[{"id":1428,"href":"https:\/\/ultrateck.com.co\/index.php\/wp-json\/wp\/v2\/product\/1264\/revisions\/1428"}],"wp:featuredmedia":[{"embeddable":true,"href":"https:\/\/ultrateck.com.co\/index.php\/wp-json\/wp\/v2\/media\/1742"}],"wp:attachment":[{"href":"https:\/\/ultrateck.com.co\/index.php\/wp-json\/wp\/v2\/media?parent=1264"}],"wp:term":[{"taxonomy":"product_brand","embeddable":true,"href":"https:\/\/ultrateck.com.co\/index.php\/wp-json\/wp\/v2\/product_brand?post=1264"},{"taxonomy":"product_cat","embeddable":true,"href":"https:\/\/ultrateck.com.co\/index.php\/wp-json\/wp\/v2\/product_cat?post=1264"},{"taxonomy":"product_tag","embeddable":true,"href":"https:\/\/ultrateck.com.co\/index.php\/wp-json\/wp\/v2\/product_tag?post=1264"}],"curies":[{"name":"wp","href":"https:\/\/api.w.org\/{rel}","templated":true}]}}