{"id":1262,"date":"2025-05-20T17:16:43","date_gmt":"2025-05-20T22:16:43","guid":{"rendered":"https:\/\/ultrateck.com.co\/?post_type=product&#038;p=1262"},"modified":"2025-07-02T09:21:47","modified_gmt":"2025-07-02T14:21:47","slug":"cargador-para-portatil-hp-19-5v-2-31a-punta-azul-4-53-0mm","status":"publish","type":"product","link":"https:\/\/ultrateck.com.co\/index.php\/producto\/cargador-para-portatil-hp-19-5v-2-31a-punta-azul-4-53-0mm\/","title":{"rendered":"CARGADOR PARA PORT\u00c1TIL HP 19.5V 2.31A PUNTA AZUL 4.5*3.0mm"},"content":{"rendered":"","protected":false},"excerpt":{"rendered":"<p>Garant\u00eda: 1 a\u00f1o<\/p>\n","protected":false},"featured_media":1741,"comment_status":"open","ping_status":"closed","template":"","meta":[],"product_brand":[],"product_cat":[164],"product_tag":[],"class_list":{"0":"post-1262","1":"product","2":"type-product","3":"status-publish","4":"has-post-thumbnail","6":"product_cat-cargadores","8":"first","9":"instock","10":"shipping-taxable","11":"purchasable","12":"product-type-simple"},"_links":{"self":[{"href":"https:\/\/ultrateck.com.co\/index.php\/wp-json\/wp\/v2\/product\/1262","targetHints":{"allow":["GET"]}}],"collection":[{"href":"https:\/\/ultrateck.com.co\/index.php\/wp-json\/wp\/v2\/product"}],"about":[{"href":"https:\/\/ultrateck.com.co\/index.php\/wp-json\/wp\/v2\/types\/product"}],"replies":[{"embeddable":true,"href":"https:\/\/ultrateck.com.co\/index.php\/wp-json\/wp\/v2\/comments?post=1262"}],"version-history":[{"count":2,"href":"https:\/\/ultrateck.com.co\/index.php\/wp-json\/wp\/v2\/product\/1262\/revisions"}],"predecessor-version":[{"id":1429,"href":"https:\/\/ultrateck.com.co\/index.php\/wp-json\/wp\/v2\/product\/1262\/revisions\/1429"}],"wp:featuredmedia":[{"embeddable":true,"href":"https:\/\/ultrateck.com.co\/index.php\/wp-json\/wp\/v2\/media\/1741"}],"wp:attachment":[{"href":"https:\/\/ultrateck.com.co\/index.php\/wp-json\/wp\/v2\/media?parent=1262"}],"wp:term":[{"taxonomy":"product_brand","embeddable":true,"href":"https:\/\/ultrateck.com.co\/index.php\/wp-json\/wp\/v2\/product_brand?post=1262"},{"taxonomy":"product_cat","embeddable":true,"href":"https:\/\/ultrateck.com.co\/index.php\/wp-json\/wp\/v2\/product_cat?post=1262"},{"taxonomy":"product_tag","embeddable":true,"href":"https:\/\/ultrateck.com.co\/index.php\/wp-json\/wp\/v2\/product_tag?post=1262"}],"curies":[{"name":"wp","href":"https:\/\/api.w.org\/{rel}","templated":true}]}}