{"id":298,"date":"2021-09-08T10:11:38","date_gmt":"2021-09-08T10:11:38","guid":{"rendered":"https:\/\/ultrateck.com.co\/?page_id=298"},"modified":"2025-07-17T15:08:04","modified_gmt":"2025-07-17T20:08:04","slug":"guia-del-repuesto","status":"publish","type":"page","link":"https:\/\/ultrateck.com.co\/index.php\/guia-del-repuesto\/","title":{"rendered":"Gu\u00eda del repuesto"},"content":{"rendered":"\t\t<div data-elementor-type=\"wp-page\" data-elementor-id=\"298\" class=\"elementor elementor-298\" data-elementor-post-type=\"page\">\n\t\t\t\t<div class=\"elementor-element elementor-element-f49775d e-flex e-con-boxed e-con e-parent\" data-id=\"f49775d\" data-element_type=\"container\" data-settings=\"{&quot;background_background&quot;:&quot;classic&quot;}\">\n\t\t\t\t\t<div class=\"e-con-inner\">\n\t\t\t\t<div class=\"elementor-element elementor-element-4692783 elementor-widget__width-initial elementor-widget elementor-widget-heading\" data-id=\"4692783\" data-element_type=\"widget\" data-widget_type=\"heading.default\">\n\t\t\t\t<div class=\"elementor-widget-container\">\n\t\t\t\t\t<h2 class=\"elementor-heading-title elementor-size-default\">C\u00f3mo identificar el modelo o n\u00famero de parte del repuesto que necesitas\n<\/h2>\t\t\t\t<\/div>\n\t\t\t\t<\/div>\n\t\t\t\t\t<\/div>\n\t\t\t\t<\/div>\n\t\t<div class=\"elementor-element elementor-element-2696e48 e-flex e-con-boxed e-con e-parent\" data-id=\"2696e48\" data-element_type=\"container\">\n\t\t\t\t\t<div class=\"e-con-inner\">\n\t\t\t\t<div class=\"elementor-element elementor-element-6b15f3c elementor-widget elementor-widget-text-editor\" data-id=\"6b15f3c\" data-element_type=\"widget\" data-widget_type=\"text-editor.default\">\n\t\t\t\t<div class=\"elementor-widget-container\">\n\t\t\t\t\t\t\t\t\t<p><span style=\"font-weight: 400;\">Para identificar cual es el repuesto exacto que necesitamos para nuestro computador port\u00e1til, las marcas nos brindan 2 opciones.\u00a0<\/span><\/p><ol><li style=\"font-weight: 400;\" aria-level=\"1\"><span style=\"font-weight: 400;\">Referencia o modelo de equipo\u00a0<\/span><\/li><li style=\"font-weight: 400;\" aria-level=\"1\"><span style=\"font-weight: 400;\">N\u00famero de parte en cada componente <\/span><\/li><\/ol>\t\t\t\t\t\t\t\t<\/div>\n\t\t\t\t<\/div>\n\t\t\t\t<div class=\"elementor-element elementor-element-59c166d elementor-widget elementor-widget-text-editor\" data-id=\"59c166d\" data-element_type=\"widget\" data-widget_type=\"text-editor.default\">\n\t\t\t\t<div class=\"elementor-widget-container\">\n\t\t\t\t\t\t\t\t\t<p><b>Referencia o modelo del equipo\u00a0<\/b><\/p><p><span style=\"font-weight: 400;\">Por lo general se encuentra en una etiqueta que est\u00e1 ubicada en la parte posterior de cada computador. Estas referencias o modelos est\u00e1n compuestos por letras y n\u00fameros. Cada marca cuenta con un orden diferente.<\/span><\/p><p><span style=\"font-weight: 400;\">Esta es la opci\u00f3n m\u00e1s f\u00e1cil, pero en algunos casos no es tan precisa en la b\u00fasqueda, ya que con la misma referencia o modelo nos podemos encontrar dos o m\u00e1s opciones diferentes.<\/span><\/p><p><span style=\"font-weight: 400;\">Aqu\u00ed un peque\u00f1o ejemplo de c\u00f3mo est\u00e1 compuesta la referencia o el modelo en cada una de las marcas.<\/span><\/p><ul><li style=\"font-weight: 400;\" aria-level=\"1\"><span style=\"font-weight: 400;\">Asus: X455U, UX303LA, X1605MA<\/span><\/li><li style=\"font-weight: 400;\" aria-level=\"1\"><span style=\"font-weight: 400;\">Acer: A515-51, E5-411, SF314-52<\/span><\/li><li style=\"font-weight: 400;\" aria-level=\"1\"><span style=\"font-weight: 400;\">Lenovo corporativo: X280, T440, E450, X1<\/span><\/li><li style=\"font-weight: 400;\" aria-level=\"1\"><span style=\"font-weight: 400;\">Lenovo: S145-14AST, 320S-14IKB, G40-70, G400S<\/span><\/li><li style=\"font-weight: 400;\" aria-level=\"1\"><span style=\"font-weight: 400;\">Dell corporativo: E7270, E7420, E5440<\/span><\/li><li style=\"font-weight: 400;\" aria-level=\"1\"><span style=\"font-weight: 400;\">Dell: 14-3000, 3421, 3551<\/span><\/li><li style=\"font-weight: 400;\" aria-level=\"1\"><span style=\"font-weight: 400;\">Hp corporativo: 440-G8, 430-G3, 4430S<\/span><\/li><li style=\"font-weight: 400;\" aria-level=\"1\"><span style=\"font-weight: 400;\">Hp: 14-r230la, 14-dq5016la, 15-ac102dx<\/span><\/li><li style=\"font-weight: 400;\" aria-level=\"1\"><span style=\"font-weight: 400;\">Toshiba: L45-B4205SL, C55-C5213K<\/span><\/li><li style=\"font-weight: 400;\" aria-level=\"1\"><span style=\"font-weight: 400;\">Apple: A1370, A1405, A2332<\/span><\/li><\/ul>\t\t\t\t\t\t\t\t<\/div>\n\t\t\t\t<\/div>\n\t\t\t\t<div class=\"elementor-element elementor-element-ea2e2d3 elementor-widget elementor-widget-text-editor\" data-id=\"ea2e2d3\" data-element_type=\"widget\" data-widget_type=\"text-editor.default\">\n\t\t\t\t<div class=\"elementor-widget-container\">\n\t\t\t\t\t\t\t\t\t<p><b>N\u00famero de partes en cada componente<\/b><\/p><p><span style=\"font-weight: 400;\">Lo que llamamos n\u00famero de parte es un c\u00f3digo \u00fanico que est\u00e1 en cada uno de los componentes de los computadores pueden estar conformados por n\u00fameros, letras o n\u00fameros y letras.<\/span><\/p><p><span style=\"font-weight: 400;\">Al igual que las referencias o modelos, cada marca cuenta con un orden diferente y algunas cuentan con 2 o hasta 3 n\u00fameros de parte diferentes en cada componente especialmente en las bater\u00edas.<\/span><\/p><p><span style=\"font-weight: 400;\">A continuaci\u00f3n, presentamos los lineamientos que sigue cada una de las marcas y como est\u00e1n compuestos sus n\u00fameros de parte.<\/span><\/p>\t\t\t\t\t\t\t\t<\/div>\n\t\t\t\t<\/div>\n\t\t\t\t<div class=\"elementor-element elementor-element-065ab84 elementor-widget elementor-widget-text-editor\" data-id=\"065ab84\" data-element_type=\"widget\" data-widget_type=\"text-editor.default\">\n\t\t\t\t<div class=\"elementor-widget-container\">\n\t\t\t\t\t\t\t\t\t<p><b>Identificaci\u00f3n de las bater\u00edas<\/b><\/p><ul><li style=\"font-weight: 400;\" aria-level=\"1\"><b>Acer<\/b><span style=\"font-weight: 400;\">: tienen un n\u00famero de parte que est\u00e1 compuesto por 7 caracteres alfanum\u00e9ricos ej:<\/span><\/li><li style=\"font-weight: 400;\" aria-level=\"1\"><span style=\"font-weight: 400;\">AS10D31, AC14B18J, AS16A5K.<\/span><\/li><li style=\"font-weight: 400;\" aria-level=\"1\"><b>Dell<\/b><span style=\"font-weight: 400;\">: En esta marca debemos ubicar el TYPE que est\u00e1 compuesto por 5 caracteres ej: X284G, XCMRD, YRDD6, WDX0R.\u00a0<\/span><\/li><li style=\"font-weight: 400;\" aria-level=\"1\"><b>HP<\/b><span style=\"font-weight: 400;\">: Esta marca nos brinda tres n\u00fameros de parte para identificar la bater\u00eda\u00a0<\/span><\/li><\/ul><ol><li style=\"font-weight: 400;\" aria-level=\"1\"><span style=\"font-weight: 400;\">\u00a0El primero lo encontramos en la parte superior izquierda de la etiqueta de la bater\u00eda, al lado del logo de la marca. Si la bater\u00eda es externa est\u00e1 compuesto por 4 caracteres alfanum\u00e9ricos ej: HS04, JC03, VK04, MU06, LA04.<\/span><\/li><\/ol><p><span style=\"font-weight: 400;\">Si la bater\u00eda es interna est\u00e1 compuesto por 6 caracteres tambi\u00e9n alfanum\u00e9ricos ej: HT03XL, RR03XL, AB06XL, BP02XL, SE03XL.<\/span><\/p><ol><li style=\"font-weight: 400;\" aria-level=\"1\"><span style=\"font-weight: 400;\">En esta opci\u00f3n no tenemos una ubicaci\u00f3n fija a diferencia de la opci\u00f3n 1 pero es muy f\u00e1cil de identificar ya que es un n\u00famero de parte alfanum\u00e9rico compuesto por 9 caracteres que siempre empieza por las letras <\/span><b>HSTNN<\/b><span style=\"font-weight: 400;\"> ej: HSTNN-F4D1, HSTNN-IB2R, HSTNN-IB6V.<\/span><\/li><li style=\"font-weight: 400;\" aria-level=\"1\"><span style=\"font-weight: 400;\">Por \u00faltimo, tenemos el n\u00famero de parte llamado <\/span><b>spare <\/b><span style=\"font-weight: 400;\">(repuesto en ingl\u00e9s) este est\u00e1 compuesto por 9 caracteres num\u00e9ricos ej: 593553-001, 800049-001, 776622-001.<\/span><\/li><\/ol><ul><li aria-level=\"1\"><b>Lenovo: <\/b><span style=\"font-weight: 400;\">Por su parte esta marca nos ofrece dos n\u00fameros de parte para identificar el repuesto correcto.\u00a0<\/span><\/li><\/ul><ul><li aria-level=\"1\"><span style=\"font-weight: 400;\">El <\/span><b>FRU<\/b><span style=\"font-weight: 400;\"> el cual est\u00e1 compuesto por 7 caracteres alfanum\u00e9ricos ej: 42T4648, 05787UJ, 42Y4940, 01AV421<\/span><\/li><\/ul><ul><li aria-level=\"1\"><span style=\"font-weight: 400;\">Model (modelo de la bater\u00eda no es el mismo del computador) este tambi\u00e9n est\u00e1 compuesto por caracteres alfanum\u00e9ricos, pero a diferencia del FRU este es de 8 d\u00edgitos, aunque hay algunas excepciones las cuales son de 10 d\u00edgitos ej: <\/span><b>8 d\u00edgitos<\/b><span style=\"font-weight: 400;\"> L15S4A02, S14L4A01, L14M2P24. <\/span><b>10 d\u00edgitos <\/b><span style=\"font-weight: 400;\">SB10W67268, SB10K97577.<\/span><\/li><\/ul><p><b>Dato importante.<\/b><span style=\"font-weight: 400;\"> Generalmente el FRU y el MODEL se encuentran juntos, es decir, uno debajo del otro.<\/span><\/p><ul><li aria-level=\"1\"><b>Apple:<\/b><span style=\"font-weight: 400;\"> Esta marca hace que todo sea mucho m\u00e1s f\u00e1cil ya que sus bater\u00edas se identifican con el mismo modelo del equipo el cual est\u00e1 compuesto por 5 caracteres alfanum\u00e9ricos ej: A1370, A1405, A2332.<\/span><\/li><\/ul><ul><li aria-level=\"1\"><b>Toshiba: <\/b><span style=\"font-weight: 400;\">Los n\u00fameros de parte de Toshiba se caracterizan por que siempre predomina el prefijo PA ej: PA5024, PA3817, PA3534.<\/span><\/li><\/ul><ul><li aria-level=\"1\"><b>Asus: <\/b><span style=\"font-weight: 400;\">Tienen un n\u00famero de parte compuesto por 8 caracteres alfanum\u00e9ricos ej: C21N1818, B31N1631, B31N1842,B21N1329.<\/span><\/li><\/ul><p>\u00a0<\/p>\t\t\t\t\t\t\t\t<\/div>\n\t\t\t\t<\/div>\n\t\t\t\t\t<\/div>\n\t\t\t\t<\/div>\n\t\t\t\t<\/div>\n\t\t","protected":false},"excerpt":{"rendered":"<p>C\u00f3mo identificar el modelo o n\u00famero de parte del repuesto que necesitas Para identificar cual es el repuesto exacto que necesitamos para nuestro computador port\u00e1til, las<span class=\"excerpt-hellip\"> [\u2026]<\/span><\/p>\n","protected":false},"author":1,"featured_media":0,"parent":0,"menu_order":0,"comment_status":"open","ping_status":"closed","template":"","meta":{"footnotes":""},"class_list":["post-298","page","type-page","status-publish","hentry"],"_links":{"self":[{"href":"https:\/\/ultrateck.com.co\/index.php\/wp-json\/wp\/v2\/pages\/298","targetHints":{"allow":["GET"]}}],"collection":[{"href":"https:\/\/ultrateck.com.co\/index.php\/wp-json\/wp\/v2\/pages"}],"about":[{"href":"https:\/\/ultrateck.com.co\/index.php\/wp-json\/wp\/v2\/types\/page"}],"author":[{"embeddable":true,"href":"https:\/\/ultrateck.com.co\/index.php\/wp-json\/wp\/v2\/users\/1"}],"replies":[{"embeddable":true,"href":"https:\/\/ultrateck.com.co\/index.php\/wp-json\/wp\/v2\/comments?post=298"}],"version-history":[{"count":8,"href":"https:\/\/ultrateck.com.co\/index.php\/wp-json\/wp\/v2\/pages\/298\/revisions"}],"predecessor-version":[{"id":1793,"href":"https:\/\/ultrateck.com.co\/index.php\/wp-json\/wp\/v2\/pages\/298\/revisions\/1793"}],"wp:attachment":[{"href":"https:\/\/ultrateck.com.co\/index.php\/wp-json\/wp\/v2\/media?parent=298"}],"curies":[{"name":"wp","href":"https:\/\/api.w.org\/{rel}","templated":true}]}}